{"id":7108,"date":"2021-06-01T09:58:09","date_gmt":"2021-06-01T06:58:09","guid":{"rendered":"https:\/\/www.lakelandfishing.fi\/?page_id=7108"},"modified":"2021-10-25T15:18:10","modified_gmt":"2021-10-25T12:18:10","slug":"meidan-arvomme","status":"publish","type":"page","link":"https:\/\/www.lakelandfishing.fi\/fi\/meidan-arvomme\/","title":{"rendered":"Meid\u00e4n arvomme"},"content":{"rendered":"\t\t<div data-elementor-type=\"wp-page\" data-elementor-id=\"7108\" class=\"elementor elementor-7108\">\n\t\t\t\t\t\t<div class=\"elementor-inner\">\n\t\t\t\t<div class=\"elementor-section-wrap\">\n\t\t\t\t\t\t\t\t\t<section class=\"elementor-section elementor-top-section elementor-element elementor-element-c4b6f1b elementor-section-boxed elementor-section-height-default elementor-section-height-default\" data-id=\"c4b6f1b\" data-element_type=\"section\">\n\t\t\t\t\t\t<div class=\"elementor-container elementor-column-gap-default\">\n\t\t\t\t\t\t\t<div class=\"elementor-row\">\n\t\t\t\t\t<div class=\"elementor-column elementor-col-50 elementor-top-column elementor-element elementor-element-8988f6b\" data-id=\"8988f6b\" data-element_type=\"column\">\n\t\t\t<div class=\"elementor-column-wrap elementor-element-populated\">\n\t\t\t\t\t\t\t<div class=\"elementor-widget-wrap\">\n\t\t\t\t\t\t<div class=\"elementor-element elementor-element-1320995 elementor-widget elementor-widget-section_title\" data-id=\"1320995\" data-element_type=\"widget\" data-widget_type=\"section_title.default\">\n\t\t\t\t<div class=\"elementor-widget-container\">\n\t\t\t        <div class=\"section-title section-title-dk-blue fl-wrap\">\n                        <h2><span>Verkostomme arvot<\/span><\/h2>                                        <span class=\"section-separator section-separator-dk-blue\"><\/span> \n                        <p>Lakeland Fishing -yritysverkosto haluaa tarjota parhaat mahdolliset puitteet kalastusretkellesi. Laadukkaat palvelut ovat meille kunnia-asia, joten huomioimme toiveenne ja vaatimuksenne mahdollisimman kokonaisvaltaisesti. Useimpia palveluitamme on mahdollista r\u00e4\u00e4t\u00e4l\u00f6id\u00e4 juuri teid\u00e4n tarpeenne mukaiseksi.\nVerkoston yritykset ovat sitoutuneet yhteiseen laatuj\u00e4rjestelm\u00e4\u00e4n, jolla taataan huippuluokkaiset palvelut joka puolella toimialuettamme. Laatuj\u00e4rjestelm\u00e4 on kokonaisuus, joka muodostuu viidest\u00e4 osa-alueesta.\n<\/p> \n        <\/div>\n        \t\t<\/div>\n\t\t\t\t<\/div>\n\t\t\t\t\t\t<\/div>\n\t\t\t\t\t<\/div>\n\t\t<\/div>\n\t\t\t\t<div class=\"elementor-column elementor-col-50 elementor-top-column elementor-element elementor-element-a14aa5c\" data-id=\"a14aa5c\" data-element_type=\"column\">\n\t\t\t<div class=\"elementor-column-wrap elementor-element-populated\">\n\t\t\t\t\t\t\t<div class=\"elementor-widget-wrap\">\n\t\t\t\t\t\t<div class=\"elementor-element elementor-element-360fe68 elementor-widget elementor-widget-feature_box\" data-id=\"360fe68\" data-element_type=\"widget\" data-widget_type=\"feature_box.default\">\n\t\t\t\t<div class=\"elementor-widget-container\">\n\t\t\t  \n        <!--features-box --> \n        <div class=\"features-box\">\n                        <div class=\"time-line-icon\">\n                <i class=\"fad fa-comment-alt-smile\"><\/i>\n            <\/div>\n                        <h3>Ensiluokkainen asiakaspalvelu<\/h3>            <p>Teid\u00e4n viihtymisenne on meille eritt\u00e4in t\u00e4rke\u00e4\u00e4 ja teemme kaikkemme, ett\u00e4 p\u00e4\u00e4sette kokemaan ikimuistoisen kalastusretken!<\/p>        <\/div>\n        <!-- features-box end  -->      \n        \t\t<\/div>\n\t\t\t\t<\/div>\n\t\t\t\t<div class=\"elementor-element elementor-element-1921982 elementor-widget elementor-widget-feature_box\" data-id=\"1921982\" data-element_type=\"widget\" data-widget_type=\"feature_box.default\">\n\t\t\t\t<div class=\"elementor-widget-container\">\n\t\t\t  \n        <!--features-box --> \n        <div class=\"features-box\">\n                        <div class=\"time-line-icon\">\n                <i class=\"fal fa-award\"><\/i>\n            <\/div>\n                        <h3>Laadukkaat v\u00e4lineet ja kalusto<\/h3>            <p>K\u00e4ytt\u00e4m\u00e4mme kalusto on ensiluokkaista ja se on valikoitu tarjottavan kalastuspalvelun mukaan. K\u00e4yt\u00e4mme vain laadukkaita kalastusv\u00e4lineit\u00e4, jotta kalastaminen on mahdollisimman nautinnollista. <\/p>        <\/div>\n        <!-- features-box end  -->      \n        \t\t<\/div>\n\t\t\t\t<\/div>\n\t\t\t\t<div class=\"elementor-element elementor-element-f2e2130 elementor-widget elementor-widget-feature_box\" data-id=\"f2e2130\" data-element_type=\"widget\" data-widget_type=\"feature_box.default\">\n\t\t\t\t<div class=\"elementor-widget-container\">\n\t\t\t  \n        <!--features-box --> \n        <div class=\"features-box\">\n                        <div class=\"time-line-icon\">\n                <i class=\"fal fa-heart\"><\/i>\n            <\/div>\n                        <h3>Kest\u00e4v\u00e4 kalastus ja luonnon kunnioittaminen<\/h3>            <p>Kalojen ja luonnon kunnioittaminen on meille itsest\u00e4\u00e4nselvyys ja se n\u00e4kyy toiminnassamme monin tavoin. Haluamme, ett\u00e4 kalakannat ja luonto ovat elinvoimaisia tulevaisuudessakin. Kest\u00e4v\u00e4\u00e4n kalastukseen kuuluu muun muassa saaliskalojen valikointi, kalojen eettinen k\u00e4sitteleminen ja kalastusrajoitusten noudattaminen.<\/p>        <\/div>\n        <!-- features-box end  -->      \n        \t\t<\/div>\n\t\t\t\t<\/div>\n\t\t\t\t\t\t<\/div>\n\t\t\t\t\t<\/div>\n\t\t<\/div>\n\t\t\t\t<div class=\"elementor-column elementor-col-100 elementor-top-column elementor-element elementor-element-66b97f0\" data-id=\"66b97f0\" data-element_type=\"column\">\n\t\t\t<div class=\"elementor-column-wrap elementor-element-populated\">\n\t\t\t\t\t\t\t<div class=\"elementor-widget-wrap\">\n\t\t\t\t\t\t<div class=\"elementor-element elementor-element-2585889 elementor-widget elementor-widget-feature_box\" data-id=\"2585889\" data-element_type=\"widget\" data-widget_type=\"feature_box.default\">\n\t\t\t\t<div class=\"elementor-widget-container\">\n\t\t\t  \n        <!--features-box --> \n        <div class=\"features-box\">\n                        <div class=\"time-line-icon\">\n                <i class=\"fal fa-fish\"><\/i>\n            <\/div>\n                        <h3>Erinomainen kalastusosaaminen<\/h3>            <p>Olemme kalastuksen ammattilaisia ja tied\u00e4mme mist\u00e4 kalat milloinkin l\u00f6yt\u00e4\u00e4. Kanssamme p\u00e4\u00e4set v\u00e4sytt\u00e4m\u00e4\u00e4n kaloja eritt\u00e4in todenn\u00e4k\u00f6isesti. <\/p>        <\/div>\n        <!-- features-box end  -->      \n        \t\t<\/div>\n\t\t\t\t<\/div>\n\t\t\t\t<div class=\"elementor-element elementor-element-d25dc13 elementor-widget elementor-widget-feature_box\" data-id=\"d25dc13\" data-element_type=\"widget\" data-widget_type=\"feature_box.default\">\n\t\t\t\t<div class=\"elementor-widget-container\">\n\t\t\t  \n        <!--features-box --> \n        <div class=\"features-box\">\n                        <div class=\"time-line-icon\">\n                <i class=\"fal fa-life-ring\"><\/i>\n            <\/div>\n                        <h3>Turvallisuus ennen kaikkea<\/h3>            <p>Turvallisuutenne on meille t\u00e4rke\u00e4\u00e4 ja turvalliset olosuhteet ovat kaiken toimintamme l\u00e4ht\u00f6kohta. Ammattitaitoiset oppaamme pit\u00e4v\u00e4t teid\u00e4n turvallisuudestanne huolen retken aikana. <\/p>        <\/div>\n        <!-- features-box end  -->      \n        \t\t<\/div>\n\t\t\t\t<\/div>\n\t\t\t\t\t\t<\/div>\n\t\t\t\t\t<\/div>\n\t\t<\/div>\n\t\t\t\t\t\t\t\t<\/div>\n\t\t\t\t\t<\/div>\n\t\t<\/section>\n\t\t\t\t\t\t\t\t\t<\/div>\n\t\t\t<\/div>\n\t\t\t\t\t<\/div>\n\t\t","protected":false},"excerpt":{"rendered":"<p>Verkostomme arvot Lakeland Fishing -yritysverkosto haluaa tarjota parhaat mahdolliset puitteet kalastusretkellesi. Laadukkaat palvelut ovat meille kunnia-asia, joten huomioimme toiveenne ja vaatimuksenne mahdollisimman kokonaisvaltaisesti. Useimpia palveluitamme on mahdollista r\u00e4\u00e4t\u00e4l\u00f6id\u00e4 juuri teid\u00e4n tarpeenne mukaiseksi. Verkoston yritykset ovat sitoutuneet yhteiseen laatuj\u00e4rjestelm\u00e4\u00e4n, jolla taataan huippuluokkaiset palvelut joka puolella toimialuettamme. Laatuj\u00e4rjestelm\u00e4 on kokonaisuus, joka muodostuu viidest\u00e4 osa-alueesta. Ensiluokkainen asiakaspalvelu Teid\u00e4n &hellip; <\/p>\n","protected":false},"author":1,"featured_media":0,"parent":0,"menu_order":0,"comment_status":"closed","ping_status":"closed","template":"page-fullwidth.php","meta":{"footnotes":""},"class_list":["post-7108","page","type-page","status-publish","hentry"],"yoast_head":"<!-- This site is optimized with the Yoast SEO plugin v18.1 - https:\/\/yoast.com\/wordpress\/plugins\/seo\/ -->\n<title>Meid\u00e4n arvomme &ndash; Lakeland Fishing<\/title>\n<meta name=\"robots\" content=\"index, follow, max-snippet:-1, max-image-preview:large, max-video-preview:-1\" \/>\n<link rel=\"canonical\" href=\"https:\/\/www.lakelandfishing.fi\/fi\/meidan-arvomme\/\" \/>\n<meta property=\"og:locale\" content=\"fi_FI\" \/>\n<meta property=\"og:type\" content=\"article\" \/>\n<meta property=\"og:title\" content=\"Meid\u00e4n arvomme &ndash; Lakeland Fishing\" \/>\n<meta property=\"og:description\" content=\"Verkostomme arvot Lakeland Fishing -yritysverkosto haluaa tarjota parhaat mahdolliset puitteet kalastusretkellesi. Laadukkaat palvelut ovat meille kunnia-asia, joten huomioimme toiveenne ja vaatimuksenne mahdollisimman kokonaisvaltaisesti. Useimpia palveluitamme on mahdollista r\u00e4\u00e4t\u00e4l\u00f6id\u00e4 juuri teid\u00e4n tarpeenne mukaiseksi. Verkoston yritykset ovat sitoutuneet yhteiseen laatuj\u00e4rjestelm\u00e4\u00e4n, jolla taataan huippuluokkaiset palvelut joka puolella toimialuettamme. Laatuj\u00e4rjestelm\u00e4 on kokonaisuus, joka muodostuu viidest\u00e4 osa-alueesta. Ensiluokkainen asiakaspalvelu Teid\u00e4n &hellip;\" \/>\n<meta property=\"og:url\" content=\"https:\/\/www.lakelandfishing.fi\/fi\/meidan-arvomme\/\" \/>\n<meta property=\"og:site_name\" content=\"Lakeland Fishing\" \/>\n<meta property=\"article:modified_time\" content=\"2021-10-25T12:18:10+00:00\" \/>\n<meta name=\"twitter:card\" content=\"summary_large_image\" \/>\n<meta name=\"twitter:label1\" content=\"Arvioitu lukuaika\" \/>\n\t<meta name=\"twitter:data1\" content=\"1 minuutti\" \/>\n<script type=\"application\/ld+json\" class=\"yoast-schema-graph\">{\"@context\":\"https:\/\/schema.org\",\"@graph\":[{\"@type\":\"Organization\",\"@id\":\"https:\/\/www.lakelandfishing.fi\/fi\/#organization\",\"name\":\"Lakeland Fishing\",\"url\":\"https:\/\/www.lakelandfishing.fi\/fi\/\",\"sameAs\":[],\"logo\":{\"@type\":\"ImageObject\",\"@id\":\"https:\/\/www.lakelandfishing.fi\/fi\/#logo\",\"inLanguage\":\"fi\",\"url\":\"https:\/\/i2.wp.com\/www.lakelandfishing.fi\/wp-content\/uploads\/2021\/01\/Lakeland_fishing_teksti.png?fit=1200%2C511&ssl=1\",\"contentUrl\":\"https:\/\/i2.wp.com\/www.lakelandfishing.fi\/wp-content\/uploads\/2021\/01\/Lakeland_fishing_teksti.png?fit=1200%2C511&ssl=1\",\"width\":1200,\"height\":511,\"caption\":\"Lakeland Fishing\"},\"image\":{\"@id\":\"https:\/\/www.lakelandfishing.fi\/fi\/#logo\"}},{\"@type\":\"WebSite\",\"@id\":\"https:\/\/www.lakelandfishing.fi\/fi\/#website\",\"url\":\"https:\/\/www.lakelandfishing.fi\/fi\/\",\"name\":\"Lakeland Fishing\",\"description\":\"It&auml;-Suomen parhaimpien kalastusmatkailuyritysten verkosto palveluksessasi\",\"publisher\":{\"@id\":\"https:\/\/www.lakelandfishing.fi\/fi\/#organization\"},\"potentialAction\":[{\"@type\":\"SearchAction\",\"target\":{\"@type\":\"EntryPoint\",\"urlTemplate\":\"https:\/\/www.lakelandfishing.fi\/fi\/?s={search_term_string}\"},\"query-input\":\"required name=search_term_string\"}],\"inLanguage\":\"fi\"},{\"@type\":\"WebPage\",\"@id\":\"https:\/\/www.lakelandfishing.fi\/fi\/meidan-arvomme\/#webpage\",\"url\":\"https:\/\/www.lakelandfishing.fi\/fi\/meidan-arvomme\/\",\"name\":\"Meid\u00e4n arvomme &ndash; Lakeland Fishing\",\"isPartOf\":{\"@id\":\"https:\/\/www.lakelandfishing.fi\/fi\/#website\"},\"datePublished\":\"2021-06-01T06:58:09+00:00\",\"dateModified\":\"2021-10-25T12:18:10+00:00\",\"breadcrumb\":{\"@id\":\"https:\/\/www.lakelandfishing.fi\/fi\/meidan-arvomme\/#breadcrumb\"},\"inLanguage\":\"fi\",\"potentialAction\":[{\"@type\":\"ReadAction\",\"target\":[\"https:\/\/www.lakelandfishing.fi\/fi\/meidan-arvomme\/\"]}]},{\"@type\":\"BreadcrumbList\",\"@id\":\"https:\/\/www.lakelandfishing.fi\/fi\/meidan-arvomme\/#breadcrumb\",\"itemListElement\":[{\"@type\":\"ListItem\",\"position\":1,\"name\":\"Etusivu\",\"item\":\"https:\/\/www.lakelandfishing.fi\/fi\/\"},{\"@type\":\"ListItem\",\"position\":2,\"name\":\"Meid\u00e4n arvomme\"}]}]}<\/script>\n<!-- \/ Yoast SEO plugin. -->","yoast_head_json":{"title":"Meid\u00e4n arvomme &ndash; Lakeland Fishing","robots":{"index":"index","follow":"follow","max-snippet":"max-snippet:-1","max-image-preview":"max-image-preview:large","max-video-preview":"max-video-preview:-1"},"canonical":"https:\/\/www.lakelandfishing.fi\/fi\/meidan-arvomme\/","og_locale":"fi_FI","og_type":"article","og_title":"Meid\u00e4n arvomme &ndash; Lakeland Fishing","og_description":"Verkostomme arvot Lakeland Fishing -yritysverkosto haluaa tarjota parhaat mahdolliset puitteet kalastusretkellesi. Laadukkaat palvelut ovat meille kunnia-asia, joten huomioimme toiveenne ja vaatimuksenne mahdollisimman kokonaisvaltaisesti. Useimpia palveluitamme on mahdollista r\u00e4\u00e4t\u00e4l\u00f6id\u00e4 juuri teid\u00e4n tarpeenne mukaiseksi. Verkoston yritykset ovat sitoutuneet yhteiseen laatuj\u00e4rjestelm\u00e4\u00e4n, jolla taataan huippuluokkaiset palvelut joka puolella toimialuettamme. Laatuj\u00e4rjestelm\u00e4 on kokonaisuus, joka muodostuu viidest\u00e4 osa-alueesta. Ensiluokkainen asiakaspalvelu Teid\u00e4n &hellip;","og_url":"https:\/\/www.lakelandfishing.fi\/fi\/meidan-arvomme\/","og_site_name":"Lakeland Fishing","article_modified_time":"2021-10-25T12:18:10+00:00","twitter_card":"summary_large_image","twitter_misc":{"Arvioitu lukuaika":"1 minuutti"},"schema":{"@context":"https:\/\/schema.org","@graph":[{"@type":"Organization","@id":"https:\/\/www.lakelandfishing.fi\/fi\/#organization","name":"Lakeland Fishing","url":"https:\/\/www.lakelandfishing.fi\/fi\/","sameAs":[],"logo":{"@type":"ImageObject","@id":"https:\/\/www.lakelandfishing.fi\/fi\/#logo","inLanguage":"fi","url":"https:\/\/i2.wp.com\/www.lakelandfishing.fi\/wp-content\/uploads\/2021\/01\/Lakeland_fishing_teksti.png?fit=1200%2C511&ssl=1","contentUrl":"https:\/\/i2.wp.com\/www.lakelandfishing.fi\/wp-content\/uploads\/2021\/01\/Lakeland_fishing_teksti.png?fit=1200%2C511&ssl=1","width":1200,"height":511,"caption":"Lakeland Fishing"},"image":{"@id":"https:\/\/www.lakelandfishing.fi\/fi\/#logo"}},{"@type":"WebSite","@id":"https:\/\/www.lakelandfishing.fi\/fi\/#website","url":"https:\/\/www.lakelandfishing.fi\/fi\/","name":"Lakeland Fishing","description":"It&auml;-Suomen parhaimpien kalastusmatkailuyritysten verkosto palveluksessasi","publisher":{"@id":"https:\/\/www.lakelandfishing.fi\/fi\/#organization"},"potentialAction":[{"@type":"SearchAction","target":{"@type":"EntryPoint","urlTemplate":"https:\/\/www.lakelandfishing.fi\/fi\/?s={search_term_string}"},"query-input":"required name=search_term_string"}],"inLanguage":"fi"},{"@type":"WebPage","@id":"https:\/\/www.lakelandfishing.fi\/fi\/meidan-arvomme\/#webpage","url":"https:\/\/www.lakelandfishing.fi\/fi\/meidan-arvomme\/","name":"Meid\u00e4n arvomme &ndash; Lakeland Fishing","isPartOf":{"@id":"https:\/\/www.lakelandfishing.fi\/fi\/#website"},"datePublished":"2021-06-01T06:58:09+00:00","dateModified":"2021-10-25T12:18:10+00:00","breadcrumb":{"@id":"https:\/\/www.lakelandfishing.fi\/fi\/meidan-arvomme\/#breadcrumb"},"inLanguage":"fi","potentialAction":[{"@type":"ReadAction","target":["https:\/\/www.lakelandfishing.fi\/fi\/meidan-arvomme\/"]}]},{"@type":"BreadcrumbList","@id":"https:\/\/www.lakelandfishing.fi\/fi\/meidan-arvomme\/#breadcrumb","itemListElement":[{"@type":"ListItem","position":1,"name":"Etusivu","item":"https:\/\/www.lakelandfishing.fi\/fi\/"},{"@type":"ListItem","position":2,"name":"Meid\u00e4n arvomme"}]}]}},"_links":{"self":[{"href":"https:\/\/www.lakelandfishing.fi\/fi\/wp-json\/wp\/v2\/pages\/7108","targetHints":{"allow":["GET"]}}],"collection":[{"href":"https:\/\/www.lakelandfishing.fi\/fi\/wp-json\/wp\/v2\/pages"}],"about":[{"href":"https:\/\/www.lakelandfishing.fi\/fi\/wp-json\/wp\/v2\/types\/page"}],"author":[{"embeddable":true,"href":"https:\/\/www.lakelandfishing.fi\/fi\/wp-json\/wp\/v2\/users\/1"}],"replies":[{"embeddable":true,"href":"https:\/\/www.lakelandfishing.fi\/fi\/wp-json\/wp\/v2\/comments?post=7108"}],"version-history":[{"count":0,"href":"https:\/\/www.lakelandfishing.fi\/fi\/wp-json\/wp\/v2\/pages\/7108\/revisions"}],"wp:attachment":[{"href":"https:\/\/www.lakelandfishing.fi\/fi\/wp-json\/wp\/v2\/media?parent=7108"}],"curies":[{"name":"wp","href":"https:\/\/api.w.org\/{rel}","templated":true}]}}