{"id":7116,"date":"2021-06-01T10:11:33","date_gmt":"2021-06-01T07:11:33","guid":{"rendered":"https:\/\/www.lakelandfishing.fi\/?page_id=7116"},"modified":"2021-06-04T14:09:31","modified_gmt":"2021-06-04T11:09:31","slug":"blogi","status":"publish","type":"page","link":"https:\/\/www.lakelandfishing.fi\/fi\/blogi\/","title":{"rendered":"Blogi"},"content":{"rendered":"\t\t<div data-elementor-type=\"wp-page\" data-elementor-id=\"7116\" class=\"elementor elementor-7116\">\n\t\t\t\t\t\t<div class=\"elementor-inner\">\n\t\t\t\t<div class=\"elementor-section-wrap\">\n\t\t\t\t\t\t\t\t\t<section class=\"elementor-section elementor-top-section elementor-element elementor-element-1b1ecb3 elementor-section-boxed elementor-section-height-default elementor-section-height-default\" data-id=\"1b1ecb3\" data-element_type=\"section\">\n\t\t\t\t\t\t<div class=\"elementor-container elementor-column-gap-default\">\n\t\t\t\t\t\t\t<div class=\"elementor-row\">\n\t\t\t\t\t<div class=\"elementor-column elementor-col-100 elementor-top-column elementor-element elementor-element-881f45d\" data-id=\"881f45d\" data-element_type=\"column\">\n\t\t\t<div class=\"elementor-column-wrap elementor-element-populated\">\n\t\t\t\t\t\t\t<div class=\"elementor-widget-wrap\">\n\t\t\t\t\t\t<div class=\"elementor-element elementor-element-7f8443a elementor-widget elementor-widget-posts_grid\" data-id=\"7f8443a\" data-element_type=\"widget\" data-widget_type=\"posts_grid.default\">\n\t\t\t\t<div class=\"elementor-widget-container\">\n\t\t\t        <div class=\"cthiso-items cthiso-flex cthiso-medium-pad cthiso-three-cols\">\n                        \n                                        <article id=\"post-7074\" class=\"cthiso-item post-article ptype-content post-7074 post type-post status-publish format-standard has-post-thumbnail hentry category-kalastusmenetelmat tag-heittokalastus tag-kalastus tag-kalastusmenetelmat\">\n                                                <div class=\"list-single-main-media fl-wrap\">\n                            <img width=\"381\" height=\"240\" class=\"respimg wp-post-image lazy\" alt=\"\" data-src=\"https:\/\/www.lakelandfishing.fi\/wp-content\/uploads\/2021\/06\/reed-381x240.jpg\" data-lazy=\"https:\/\/www.lakelandfishing.fi\/wp-content\/uploads\/2021\/06\/reed-381x240.jpg\" \/>                        <\/div>\n                                                <div class=\"list-single-main-item fl-wrap block_box post-content-wrap\">\n                            <h2 class=\"post-opt-title\"><a href=\"https:\/\/www.lakelandfishing.fi\/fi\/heittokalastus\/\" rel=\"bookmark\">Heittokalastus<\/a><\/h2>Heittokalastus on onkimisen ohella yksi yleisimpi\u00e4 vapaa-ajan kalastusmuotoja. Se on hauska ja aktiivinen kalastusmenetelm\u00e4, jossa tapahtuu koko ajan. Yksinkertaisimmillaan tarvitset heittokalastamiseen vain p\u00e4tk\u00e4n rantaviivaa ja virvelin. ...                            <span class=\"fw-separator\"><\/span>\n                            <div class=\"post-metas-wrap flex-items-center\">\n                                \n                            \n\n                                                                <div class=\"post-opt\">\n                                    <ul class=\"no-list-style flex-items-center\">\n                                                                                                                                                                                                                <li><i class=\"fal fa-tags\"><\/i><a href=\"https:\/\/www.lakelandfishing.fi\/fi\/category\/kalastusmenetelmat\/\" rel=\"category tag\">Kalastusmenetelm\u00e4t<\/a><\/li>  \n                                                                                                                        <\/ul>\n                                <\/div>\n                                                            <\/div>\n                                \n\n                \n                        <\/div>\n                    <\/article>\n\n                \n                                        <article id=\"post-7079\" class=\"cthiso-item post-article ptype-content post-7079 post type-post status-publish format-standard has-post-thumbnail hentry category-kalastusmenetelmat tag-jigikalastus tag-kalastus tag-kalastusmenetelmat\">\n                                                <div class=\"list-single-main-media fl-wrap\">\n                            <img width=\"381\" height=\"240\" class=\"respimg wp-post-image lazy\" alt=\"\" data-src=\"https:\/\/www.lakelandfishing.fi\/wp-content\/uploads\/2021\/06\/reed-381x240.jpg\" data-lazy=\"https:\/\/www.lakelandfishing.fi\/wp-content\/uploads\/2021\/06\/reed-381x240.jpg\" \/>                        <\/div>\n                                                <div class=\"list-single-main-item fl-wrap block_box post-content-wrap\">\n                            <h2 class=\"post-opt-title\"><a href=\"https:\/\/www.lakelandfishing.fi\/fi\/jigikalastus\/\" rel=\"bookmark\">Jigikalastus<\/a><\/h2>It\u00e4isen Suomen vesialueet tarjoavat koko Suomen mittapuulla parhaimpia edellytyksi\u00e4 harrastaa jigikalastusta niin kalaston kuin kalam\u00e4\u00e4rienkin suhteen. Voimme tavoittaa sellaisia saaliita, joita et edes voinut kuvitella saavasi! Lajin ...                            <span class=\"fw-separator\"><\/span>\n                            <div class=\"post-metas-wrap flex-items-center\">\n                                \n                            \n\n                                                                <div class=\"post-opt\">\n                                    <ul class=\"no-list-style flex-items-center\">\n                                                                                                                                                                                                                <li><i class=\"fal fa-tags\"><\/i><a href=\"https:\/\/www.lakelandfishing.fi\/fi\/category\/kalastusmenetelmat\/\" rel=\"category tag\">Kalastusmenetelm\u00e4t<\/a><\/li>  \n                                                                                                                        <\/ul>\n                                <\/div>\n                                                            <\/div>\n                                \n\n                \n                        <\/div>\n                    <\/article>\n\n                \n                                        <article id=\"post-7088\" class=\"cthiso-item post-article ptype-content post-7088 post type-post status-publish format-standard has-post-thumbnail hentry category-kalastusmenetelmat tag-kalastus tag-kalastusmenetelmat tag-onginta\">\n                                                <div class=\"list-single-main-media fl-wrap\">\n                            <img width=\"381\" height=\"240\" class=\"respimg wp-post-image lazy\" alt=\"\" data-src=\"https:\/\/www.lakelandfishing.fi\/wp-content\/uploads\/2021\/06\/reed-381x240.jpg\" data-lazy=\"https:\/\/www.lakelandfishing.fi\/wp-content\/uploads\/2021\/06\/reed-381x240.jpg\" \/>                        <\/div>\n                                                <div class=\"list-single-main-item fl-wrap block_box post-content-wrap\">\n                            <h2 class=\"post-opt-title\"><a href=\"https:\/\/www.lakelandfishing.fi\/fi\/onginta\/\" rel=\"bookmark\">Onginta<\/a><\/h2>Ylivoimaisesti suosituin kalastusmuoto Suomessa on onginta. Onginta on helpoin tapa aloittaa kalastusharrastus ja my\u00f6s helpoin keino saada vapav\u00e4linein saalista. On olemassa erilaisia ongintamuotoja: perinteinen onginta teleskooppi- tai ...                            <span class=\"fw-separator\"><\/span>\n                            <div class=\"post-metas-wrap flex-items-center\">\n                                \n                            \n\n                                                                <div class=\"post-opt\">\n                                    <ul class=\"no-list-style flex-items-center\">\n                                                                                                                                                                                                                <li><i class=\"fal fa-tags\"><\/i><a href=\"https:\/\/www.lakelandfishing.fi\/fi\/category\/kalastusmenetelmat\/\" rel=\"category tag\">Kalastusmenetelm\u00e4t<\/a><\/li>  \n                                                                                                                        <\/ul>\n                                <\/div>\n                                                            <\/div>\n                                \n\n                \n                        <\/div>\n                    <\/article>\n\n                \n                                        <article id=\"post-7093\" class=\"cthiso-item post-article ptype-content post-7093 post type-post status-publish format-standard has-post-thumbnail hentry category-kalastusmenetelmat tag-kalastus tag-kalastusmenetelmat tag-perhokalastus\">\n                                                <div class=\"list-single-main-media fl-wrap\">\n                            <img width=\"381\" height=\"240\" class=\"respimg wp-post-image lazy\" alt=\"\" data-src=\"https:\/\/www.lakelandfishing.fi\/wp-content\/uploads\/2021\/06\/kalastusvaline-381x240.jpg\" data-lazy=\"https:\/\/www.lakelandfishing.fi\/wp-content\/uploads\/2021\/06\/kalastusvaline-381x240.jpg\" \/>                        <\/div>\n                                                <div class=\"list-single-main-item fl-wrap block_box post-content-wrap\">\n                            <h2 class=\"post-opt-title\"><a href=\"https:\/\/www.lakelandfishing.fi\/fi\/perhokalastus\/\" rel=\"bookmark\">Perhokalastus<\/a><\/h2>Perhokalastuksesta puhuttaessa useimpien mieleen piirtyy kuva veteen kahlanneesta kalastusliiviin ja kahluuhousuihin sonnustautuneesta kalastajasta joka taiturimaisin liikkein kuljettelee vavallaan halki ilman auringon s\u00e4teit\u00e4 kimmelt\u00e4v\u00e4\u00e4 ...                            <span class=\"fw-separator\"><\/span>\n                            <div class=\"post-metas-wrap flex-items-center\">\n                                \n                            \n\n                                                                <div class=\"post-opt\">\n                                    <ul class=\"no-list-style flex-items-center\">\n                                                                                                                                                                                                                <li><i class=\"fal fa-tags\"><\/i><a href=\"https:\/\/www.lakelandfishing.fi\/fi\/category\/kalastusmenetelmat\/\" rel=\"category tag\">Kalastusmenetelm\u00e4t<\/a><\/li>  \n                                                                                                                        <\/ul>\n                                <\/div>\n                                                            <\/div>\n                                \n\n                \n                        <\/div>\n                    <\/article>\n\n                \n                                        <article id=\"post-7096\" class=\"cthiso-item post-article ptype-content post-7096 post type-post status-publish format-standard has-post-thumbnail hentry category-kalastusmenetelmat tag-kalastus tag-kalastusmenetelmat tag-pilkinta\">\n                                                <div class=\"list-single-main-media fl-wrap\">\n                            <img width=\"381\" height=\"240\" class=\"respimg wp-post-image lazy\" alt=\"\" data-src=\"https:\/\/www.lakelandfishing.fi\/wp-content\/uploads\/2021\/06\/pilkintaesittelyn-kuva-381x240.jpg\" data-lazy=\"https:\/\/www.lakelandfishing.fi\/wp-content\/uploads\/2021\/06\/pilkintaesittelyn-kuva-381x240.jpg\" \/>                        <\/div>\n                                                <div class=\"list-single-main-item fl-wrap block_box post-content-wrap\">\n                            <h2 class=\"post-opt-title\"><a href=\"https:\/\/www.lakelandfishing.fi\/fi\/pilkinta\/\" rel=\"bookmark\">Pilkint\u00e4<\/a><\/h2>Pilkkiminen on perinteinen ja monipuolinen kalastusmenetelm\u00e4, jolla voi pyyt\u00e4\u00e4 l\u00e4hes mit\u00e4 tahansa kalalajia. Yleisin ja tavoitelluin pilkkisaalislaji on Suomen kansalliskala ahven. Suosituin pilkkimisen muoto tapahtuu talvella j\u00e4\u00e4n p\u00e4\u00e4lt\u00e4, mutta ...                            <span class=\"fw-separator\"><\/span>\n                            <div class=\"post-metas-wrap flex-items-center\">\n                                \n                            \n\n                                                                <div class=\"post-opt\">\n                                    <ul class=\"no-list-style flex-items-center\">\n                                                                                                                                                                                                                <li><i class=\"fal fa-tags\"><\/i><a href=\"https:\/\/www.lakelandfishing.fi\/fi\/category\/kalastusmenetelmat\/\" rel=\"category tag\">Kalastusmenetelm\u00e4t<\/a><\/li>  \n                                                                                                                        <\/ul>\n                                <\/div>\n                                                            <\/div>\n                                \n\n                \n                        <\/div>\n                    <\/article>\n\n                \n                                        <article id=\"post-7098\" class=\"cthiso-item post-article ptype-content post-7098 post type-post status-publish format-standard has-post-thumbnail hentry category-kalastusmenetelmat tag-kalastus tag-kalastusmenetelmat tag-vetouistelu\">\n                                                <div class=\"list-single-main-media fl-wrap\">\n                            <img width=\"381\" height=\"240\" class=\"respimg wp-post-image lazy\" alt=\"\" data-src=\"https:\/\/www.lakelandfishing.fi\/wp-content\/uploads\/2021\/06\/uistelutekstin-taustakuva-381x240.jpg\" data-lazy=\"https:\/\/www.lakelandfishing.fi\/wp-content\/uploads\/2021\/06\/uistelutekstin-taustakuva-381x240.jpg\" \/>                        <\/div>\n                                                <div class=\"list-single-main-item fl-wrap block_box post-content-wrap\">\n                            <h2 class=\"post-opt-title\"><a href=\"https:\/\/www.lakelandfishing.fi\/fi\/vetouistelu\/\" rel=\"bookmark\">Vetouistelu<\/a><\/h2>Vetouistelu on J\u00e4rvi-Suomen alueella suosittu ja tehokas kalastusmuoto, jossa useita vieheit\u00e4 vedet\u00e4\u00e4n liikkuvan veneen per\u00e4ss\u00e4. Uistelussa k\u00e4ytet\u00e4\u00e4n useimmiten moottoriveneit\u00e4, mutta my\u00f6s soutuveneell\u00e4 tapahtuva soutu-uistelu on mahdollista. ...                            <span class=\"fw-separator\"><\/span>\n                            <div class=\"post-metas-wrap flex-items-center\">\n                                \n                            \n\n                                                                <div class=\"post-opt\">\n                                    <ul class=\"no-list-style flex-items-center\">\n                                                                                                                                                                                                                <li><i class=\"fal fa-tags\"><\/i><a href=\"https:\/\/www.lakelandfishing.fi\/fi\/category\/kalastusmenetelmat\/\" rel=\"category tag\">Kalastusmenetelm\u00e4t<\/a><\/li>  \n                                                                                                                        <\/ul>\n                                <\/div>\n                                                            <\/div>\n                                \n\n                \n                        <\/div>\n                    <\/article>\n\n                \n\n                \n\n             \n\n        <\/div>\n        \n            <nav class=\"navigation pagination custom-pagination\" role=\"navigation\">\n                <h2 class=\"screen-reader-text\">Posts navigation<\/h2>\n                <div class=\"nav-links\"><a href=\"https:\/\/www.lakelandfishing.fi\/fi\/wp-json\/wp\/v2\/pages\/7116\/\" class=\"prev page-numbers\"><i class=\"fas fa-caret-left\" aria-hidden=\"true\"><\/i><span>Prev<\/span><\/a><span aria-current=\"page\" class=\"page-numbers current\">1<\/span><a href='https:\/\/www.lakelandfishing.fi\/fi\/wp-json\/wp\/v2\/pages\/7116\/page\/2\/' class='page-numbers'>2<\/a><a href=\"https:\/\/www.lakelandfishing.fi\/fi\/wp-json\/wp\/v2\/pages\/7116\/page\/2\/\" class=\"next page-numbers\"><span>Next<\/span><i class=\"fas fa-caret-right\" aria-hidden=\"true\"><\/i><\/a><\/div>\n            <\/nav>                        \t\t<\/div>\n\t\t\t\t<\/div>\n\t\t\t\t\t\t<\/div>\n\t\t\t\t\t<\/div>\n\t\t<\/div>\n\t\t\t\t\t\t\t\t<\/div>\n\t\t\t\t\t<\/div>\n\t\t<\/section>\n\t\t\t\t\t\t\t\t\t<\/div>\n\t\t\t<\/div>\n\t\t\t\t\t<\/div>\n\t\t","protected":false},"excerpt":{"rendered":"<p>Heittokalastus Heittokalastus on onkimisen ohella yksi yleisimpi\u00e4 vapaa-ajan kalastusmuotoja. Se on hauska ja aktiivinen kalastusmenetelm\u00e4, jossa tapahtuu koko ajan. Yksinkertaisimmillaan tarvitset heittokalastamiseen vain p\u00e4tk\u00e4n rantaviivaa ja virvelin. &#8230; Fishing methods Jigikalastus It\u00e4isen Suomen vesialueet tarjoavat koko Suomen mittapuulla parhaimpia edellytyksi\u00e4 harrastaa jigikalastusta niin kalaston kuin kalam\u00e4\u00e4rienkin suhteen. Voimme tavoittaa sellaisia saaliita, joita et edes voinut &hellip; <\/p>\n","protected":false},"author":1,"featured_media":0,"parent":0,"menu_order":0,"comment_status":"closed","ping_status":"closed","template":"page-fullwidth.php","meta":{"footnotes":""},"class_list":["post-7116","page","type-page","status-publish","hentry"],"yoast_head":"<!-- This site is optimized with the Yoast SEO plugin v18.1 - https:\/\/yoast.com\/wordpress\/plugins\/seo\/ -->\n<title>Blogi &ndash; Lakeland Fishing<\/title>\n<meta name=\"robots\" content=\"index, follow, max-snippet:-1, max-image-preview:large, max-video-preview:-1\" \/>\n<link rel=\"canonical\" href=\"https:\/\/www.lakelandfishing.fi\/fi\/blogi\/\" \/>\n<meta property=\"og:locale\" content=\"fi_FI\" \/>\n<meta property=\"og:type\" content=\"article\" \/>\n<meta property=\"og:title\" content=\"Blogi &ndash; Lakeland Fishing\" \/>\n<meta property=\"og:description\" content=\"Heittokalastus Heittokalastus on onkimisen ohella yksi yleisimpi\u00e4 vapaa-ajan kalastusmuotoja. Se on hauska ja aktiivinen kalastusmenetelm\u00e4, jossa tapahtuu koko ajan. Yksinkertaisimmillaan tarvitset heittokalastamiseen vain p\u00e4tk\u00e4n rantaviivaa ja virvelin. &#8230; Fishing methods Jigikalastus It\u00e4isen Suomen vesialueet tarjoavat koko Suomen mittapuulla parhaimpia edellytyksi\u00e4 harrastaa jigikalastusta niin kalaston kuin kalam\u00e4\u00e4rienkin suhteen. Voimme tavoittaa sellaisia saaliita, joita et edes voinut &hellip;\" \/>\n<meta property=\"og:url\" content=\"https:\/\/www.lakelandfishing.fi\/fi\/blogi\/\" \/>\n<meta property=\"og:site_name\" content=\"Lakeland Fishing\" \/>\n<meta property=\"article:modified_time\" content=\"2021-06-04T11:09:31+00:00\" \/>\n<meta property=\"og:image\" content=\"https:\/\/www.lakelandfishing.fi\/wp-content\/uploads\/2021\/03\/reed.jpg\" \/>\n<meta name=\"twitter:card\" content=\"summary_large_image\" \/>\n<meta name=\"twitter:label1\" content=\"Arvioitu lukuaika\" \/>\n\t<meta name=\"twitter:data1\" content=\"2 minuuttia\" \/>\n<script type=\"application\/ld+json\" class=\"yoast-schema-graph\">{\"@context\":\"https:\/\/schema.org\",\"@graph\":[{\"@type\":\"Organization\",\"@id\":\"https:\/\/www.lakelandfishing.fi\/fi\/#organization\",\"name\":\"Lakeland Fishing\",\"url\":\"https:\/\/www.lakelandfishing.fi\/fi\/\",\"sameAs\":[],\"logo\":{\"@type\":\"ImageObject\",\"@id\":\"https:\/\/www.lakelandfishing.fi\/fi\/#logo\",\"inLanguage\":\"fi\",\"url\":\"https:\/\/i2.wp.com\/www.lakelandfishing.fi\/wp-content\/uploads\/2021\/01\/Lakeland_fishing_teksti.png?fit=1200%2C511&ssl=1\",\"contentUrl\":\"https:\/\/i2.wp.com\/www.lakelandfishing.fi\/wp-content\/uploads\/2021\/01\/Lakeland_fishing_teksti.png?fit=1200%2C511&ssl=1\",\"width\":1200,\"height\":511,\"caption\":\"Lakeland Fishing\"},\"image\":{\"@id\":\"https:\/\/www.lakelandfishing.fi\/fi\/#logo\"}},{\"@type\":\"WebSite\",\"@id\":\"https:\/\/www.lakelandfishing.fi\/fi\/#website\",\"url\":\"https:\/\/www.lakelandfishing.fi\/fi\/\",\"name\":\"Lakeland Fishing\",\"description\":\"It&auml;-Suomen parhaimpien kalastusmatkailuyritysten verkosto palveluksessasi\",\"publisher\":{\"@id\":\"https:\/\/www.lakelandfishing.fi\/fi\/#organization\"},\"potentialAction\":[{\"@type\":\"SearchAction\",\"target\":{\"@type\":\"EntryPoint\",\"urlTemplate\":\"https:\/\/www.lakelandfishing.fi\/fi\/?s={search_term_string}\"},\"query-input\":\"required name=search_term_string\"}],\"inLanguage\":\"fi\"},{\"@type\":\"ImageObject\",\"@id\":\"https:\/\/www.lakelandfishing.fi\/fi\/blogi\/#primaryimage\",\"inLanguage\":\"fi\",\"url\":\"https:\/\/www.lakelandfishing.fi\/wp-content\/uploads\/2021\/03\/reed.jpg\",\"contentUrl\":\"https:\/\/www.lakelandfishing.fi\/wp-content\/uploads\/2021\/03\/reed.jpg\",\"width\":640,\"height\":427},{\"@type\":\"WebPage\",\"@id\":\"https:\/\/www.lakelandfishing.fi\/fi\/blogi\/#webpage\",\"url\":\"https:\/\/www.lakelandfishing.fi\/fi\/blogi\/\",\"name\":\"Blogi &ndash; Lakeland Fishing\",\"isPartOf\":{\"@id\":\"https:\/\/www.lakelandfishing.fi\/fi\/#website\"},\"primaryImageOfPage\":{\"@id\":\"https:\/\/www.lakelandfishing.fi\/fi\/blogi\/#primaryimage\"},\"datePublished\":\"2021-06-01T07:11:33+00:00\",\"dateModified\":\"2021-06-04T11:09:31+00:00\",\"breadcrumb\":{\"@id\":\"https:\/\/www.lakelandfishing.fi\/fi\/blogi\/#breadcrumb\"},\"inLanguage\":\"fi\",\"potentialAction\":[{\"@type\":\"ReadAction\",\"target\":[\"https:\/\/www.lakelandfishing.fi\/fi\/blogi\/\"]}]},{\"@type\":\"BreadcrumbList\",\"@id\":\"https:\/\/www.lakelandfishing.fi\/fi\/blogi\/#breadcrumb\",\"itemListElement\":[{\"@type\":\"ListItem\",\"position\":1,\"name\":\"Etusivu\",\"item\":\"https:\/\/www.lakelandfishing.fi\/fi\/\"},{\"@type\":\"ListItem\",\"position\":2,\"name\":\"Blogi\"}]}]}<\/script>\n<!-- \/ Yoast SEO plugin. -->","yoast_head_json":{"title":"Blogi &ndash; Lakeland Fishing","robots":{"index":"index","follow":"follow","max-snippet":"max-snippet:-1","max-image-preview":"max-image-preview:large","max-video-preview":"max-video-preview:-1"},"canonical":"https:\/\/www.lakelandfishing.fi\/fi\/blogi\/","og_locale":"fi_FI","og_type":"article","og_title":"Blogi &ndash; Lakeland Fishing","og_description":"Heittokalastus Heittokalastus on onkimisen ohella yksi yleisimpi\u00e4 vapaa-ajan kalastusmuotoja. Se on hauska ja aktiivinen kalastusmenetelm\u00e4, jossa tapahtuu koko ajan. Yksinkertaisimmillaan tarvitset heittokalastamiseen vain p\u00e4tk\u00e4n rantaviivaa ja virvelin. &#8230; Fishing methods Jigikalastus It\u00e4isen Suomen vesialueet tarjoavat koko Suomen mittapuulla parhaimpia edellytyksi\u00e4 harrastaa jigikalastusta niin kalaston kuin kalam\u00e4\u00e4rienkin suhteen. Voimme tavoittaa sellaisia saaliita, joita et edes voinut &hellip;","og_url":"https:\/\/www.lakelandfishing.fi\/fi\/blogi\/","og_site_name":"Lakeland Fishing","article_modified_time":"2021-06-04T11:09:31+00:00","og_image":[{"url":"https:\/\/www.lakelandfishing.fi\/wp-content\/uploads\/2021\/03\/reed.jpg"}],"twitter_card":"summary_large_image","twitter_misc":{"Arvioitu lukuaika":"2 minuuttia"},"schema":{"@context":"https:\/\/schema.org","@graph":[{"@type":"Organization","@id":"https:\/\/www.lakelandfishing.fi\/fi\/#organization","name":"Lakeland Fishing","url":"https:\/\/www.lakelandfishing.fi\/fi\/","sameAs":[],"logo":{"@type":"ImageObject","@id":"https:\/\/www.lakelandfishing.fi\/fi\/#logo","inLanguage":"fi","url":"https:\/\/i2.wp.com\/www.lakelandfishing.fi\/wp-content\/uploads\/2021\/01\/Lakeland_fishing_teksti.png?fit=1200%2C511&ssl=1","contentUrl":"https:\/\/i2.wp.com\/www.lakelandfishing.fi\/wp-content\/uploads\/2021\/01\/Lakeland_fishing_teksti.png?fit=1200%2C511&ssl=1","width":1200,"height":511,"caption":"Lakeland Fishing"},"image":{"@id":"https:\/\/www.lakelandfishing.fi\/fi\/#logo"}},{"@type":"WebSite","@id":"https:\/\/www.lakelandfishing.fi\/fi\/#website","url":"https:\/\/www.lakelandfishing.fi\/fi\/","name":"Lakeland Fishing","description":"It&auml;-Suomen parhaimpien kalastusmatkailuyritysten verkosto palveluksessasi","publisher":{"@id":"https:\/\/www.lakelandfishing.fi\/fi\/#organization"},"potentialAction":[{"@type":"SearchAction","target":{"@type":"EntryPoint","urlTemplate":"https:\/\/www.lakelandfishing.fi\/fi\/?s={search_term_string}"},"query-input":"required name=search_term_string"}],"inLanguage":"fi"},{"@type":"ImageObject","@id":"https:\/\/www.lakelandfishing.fi\/fi\/blogi\/#primaryimage","inLanguage":"fi","url":"https:\/\/www.lakelandfishing.fi\/wp-content\/uploads\/2021\/03\/reed.jpg","contentUrl":"https:\/\/www.lakelandfishing.fi\/wp-content\/uploads\/2021\/03\/reed.jpg","width":640,"height":427},{"@type":"WebPage","@id":"https:\/\/www.lakelandfishing.fi\/fi\/blogi\/#webpage","url":"https:\/\/www.lakelandfishing.fi\/fi\/blogi\/","name":"Blogi &ndash; Lakeland Fishing","isPartOf":{"@id":"https:\/\/www.lakelandfishing.fi\/fi\/#website"},"primaryImageOfPage":{"@id":"https:\/\/www.lakelandfishing.fi\/fi\/blogi\/#primaryimage"},"datePublished":"2021-06-01T07:11:33+00:00","dateModified":"2021-06-04T11:09:31+00:00","breadcrumb":{"@id":"https:\/\/www.lakelandfishing.fi\/fi\/blogi\/#breadcrumb"},"inLanguage":"fi","potentialAction":[{"@type":"ReadAction","target":["https:\/\/www.lakelandfishing.fi\/fi\/blogi\/"]}]},{"@type":"BreadcrumbList","@id":"https:\/\/www.lakelandfishing.fi\/fi\/blogi\/#breadcrumb","itemListElement":[{"@type":"ListItem","position":1,"name":"Etusivu","item":"https:\/\/www.lakelandfishing.fi\/fi\/"},{"@type":"ListItem","position":2,"name":"Blogi"}]}]}},"_links":{"self":[{"href":"https:\/\/www.lakelandfishing.fi\/fi\/wp-json\/wp\/v2\/pages\/7116","targetHints":{"allow":["GET"]}}],"collection":[{"href":"https:\/\/www.lakelandfishing.fi\/fi\/wp-json\/wp\/v2\/pages"}],"about":[{"href":"https:\/\/www.lakelandfishing.fi\/fi\/wp-json\/wp\/v2\/types\/page"}],"author":[{"embeddable":true,"href":"https:\/\/www.lakelandfishing.fi\/fi\/wp-json\/wp\/v2\/users\/1"}],"replies":[{"embeddable":true,"href":"https:\/\/www.lakelandfishing.fi\/fi\/wp-json\/wp\/v2\/comments?post=7116"}],"version-history":[{"count":0,"href":"https:\/\/www.lakelandfishing.fi\/fi\/wp-json\/wp\/v2\/pages\/7116\/revisions"}],"wp:attachment":[{"href":"https:\/\/www.lakelandfishing.fi\/fi\/wp-json\/wp\/v2\/media?parent=7116"}],"curies":[{"name":"wp","href":"https:\/\/api.w.org\/{rel}","templated":true}]}}